{"id":100127,"date":"2022-10-14T12:41:18","date_gmt":"2022-10-14T12:41:18","guid":{"rendered":"https:\/\/bioinfo.iric.ca\/?page_id=100127"},"modified":"2022-10-14T12:42:36","modified_gmt":"2022-10-14T12:42:36","slug":"serveur-jupyter","status":"publish","type":"page","link":"https:\/\/bioinfo.iric.ca\/fr\/documentation\/serveur-jupyter\/","title":{"rendered":"Serveur Jupyter"},"content":{"rendered":"<p>Des notebooks Jupyter peuvent \u00eatre ex\u00e9cut\u00e9s sur notre grappe de calcul. Pour y acc\u00e9der, utiliser le lien suivant pour vous connecter avec votre compte Linux:<\/p>\n<p><a href=\"https:\/\/jupyter.bioinfo.iric.ca\">https:\/\/jupyter.bioinfo.iric.ca<\/a><\/p>\n<p>Des noyeaux pour Python 3.10.4 et R 4.2.0 sont disponibles.<\/p>\n<p>Si vous rencontrez des difficult\u00e9s \u00e0 utiliser ce service ou si vous d\u00e9sirez demander un compte Linux pour y avoir acc\u00e8s, veuillez contacter <a href=\"mailto:bioinformatique@iric.ca\">bioinformatique@iric.ca<\/a>.<\/p>\n","protected":false},"excerpt":{"rendered":"<p>Des notebooks Jupyter peuvent \u00eatre ex\u00e9cut\u00e9s sur notre grappe de calcul. Pour y acc\u00e9der, utiliser le lien suivant pour vous connecter avec votre compte Linux: https:\/\/jupyter.bioinfo.iric.ca Des noyeaux pour Python 3.10.4 et R 4.2.0 sont disponibles. Si vous rencontrez des difficult\u00e9s \u00e0 utiliser ce service ou si vous d\u00e9sirez demander un compte Linux pour y avoir acc\u00e8s, veuillez contacter bioinformatique@iric.ca.<\/p>\n","protected":false},"author":2,"featured_media":0,"parent":52,"menu_order":11,"comment_status":"closed","ping_status":"closed","template":"side-navigation.php","meta":{"jetpack_post_was_ever_published":false,"footnotes":""},"class_list":["post-100127","page","type-page","status-publish","hentry"],"jetpack_sharing_enabled":true,"_links":{"self":[{"href":"https:\/\/bioinfo.iric.ca\/fr\/wp-json\/wp\/v2\/pages\/100127","targetHints":{"allow":["GET"]}}],"collection":[{"href":"https:\/\/bioinfo.iric.ca\/fr\/wp-json\/wp\/v2\/pages"}],"about":[{"href":"https:\/\/bioinfo.iric.ca\/fr\/wp-json\/wp\/v2\/types\/page"}],"author":[{"embeddable":true,"href":"https:\/\/bioinfo.iric.ca\/fr\/wp-json\/wp\/v2\/users\/2"}],"replies":[{"embeddable":true,"href":"https:\/\/bioinfo.iric.ca\/fr\/wp-json\/wp\/v2\/comments?post=100127"}],"version-history":[{"count":1,"href":"https:\/\/bioinfo.iric.ca\/fr\/wp-json\/wp\/v2\/pages\/100127\/revisions"}],"predecessor-version":[{"id":100128,"href":"https:\/\/bioinfo.iric.ca\/fr\/wp-json\/wp\/v2\/pages\/100127\/revisions\/100128"}],"up":[{"embeddable":true,"href":"https:\/\/bioinfo.iric.ca\/fr\/wp-json\/wp\/v2\/pages\/52"}],"wp:attachment":[{"href":"https:\/\/bioinfo.iric.ca\/fr\/wp-json\/wp\/v2\/media?parent=100127"}],"curies":[{"name":"wp","href":"https:\/\/api.w.org\/{rel}","templated":true}]}}