{"id":115,"date":"2014-03-21T13:48:20","date_gmt":"2014-03-21T17:48:20","guid":{"rendered":"http:\/\/binsrv3.iric.ca\/wpbioinfo\/?page_id=115"},"modified":"2021-03-24T00:34:10","modified_gmt":"2021-03-24T00:34:10","slug":"a-propos","status":"publish","type":"page","link":"https:\/\/bioinfo.iric.ca\/fr\/a-propos\/","title":{"rendered":"\u00c0 propos"},"content":{"rendered":"<div class=\"fusion-fullwidth fullwidth-box fusion-builder-row-1 hundred-percent-fullwidth non-hundred-percent-height-scrolling\" style=\"--awb-border-radius-top-left:0px;--awb-border-radius-top-right:0px;--awb-border-radius-bottom-right:0px;--awb-border-radius-bottom-left:0px;--awb-overflow:visible;--awb-flex-wrap:wrap;\" ><div class=\"fusion-builder-row fusion-row\"><div class=\"fusion-layout-column fusion_builder_column fusion-builder-column-0 fusion_builder_column_1_1 1_1 fusion-one-full fusion-column-first fusion-column-last fusion-column-no-min-height\" style=\"--awb-bg-size:cover;--awb-margin-bottom:0px;\"><div class=\"fusion-column-wrapper fusion-flex-column-wrapper-legacy\"><div class=\"fusion-title title fusion-title-1 fusion-title-text fusion-title-size-two\"><h2 class=\"fusion-title-heading title-heading-left\" style=\"margin:0;\">Bio-informatique<\/h2><span class=\"awb-title-spacer\"><\/span><div class=\"title-sep-container\"><div class=\"title-sep sep-double sep-solid\" style=\"border-color:#e0dede;\"><\/div><\/div><\/div>\n<p>La plateforme de bio-informatique offre des services de d\u00e9veloppement algorithmiques et d\u2019analyses personnalis\u00e9s de donn\u00e9es.\u00a0 Elle subvient aux besoins de l\u2019ensemble des laboratoires de l\u2019institut en ce qui \u00e0 trait au calcul haute-performance, \u00e0 la gestion des bases de donn\u00e9es et au d\u00e9veloppement logiciel.\u00a0 Elle repr\u00e9sente un atout important pour l\u2019analyse des donn\u00e9es g\u00e9n\u00e9r\u00e9es par les diff\u00e9rents groupe de recherche et sert de support technologique pour les autres plateformes.<\/p>\n<div class=\"fusion-clearfix\"><\/div><\/div><\/div><div class=\"fusion-layout-column fusion_builder_column fusion-builder-column-1 fusion_builder_column_1_1 1_1 fusion-one-full fusion-column-first fusion-column-last fusion-column-no-min-height\" style=\"--awb-bg-size:cover;--awb-margin-bottom:0px;\"><div class=\"fusion-column-wrapper fusion-flex-column-wrapper-legacy\"><div class=\"fusion-title title fusion-title-2 fusion-title-text fusion-title-size-three\"><h3 class=\"fusion-title-heading title-heading-left\" style=\"margin:0;\">Services<\/h3><span class=\"awb-title-spacer\"><\/span><div class=\"title-sep-container\"><div class=\"title-sep sep-double sep-solid\" style=\"border-color:#e0dede;\"><\/div><\/div><\/div>\n<p>Plus sp\u00e9cifiquement, les membres de la plateforme fournisse les services suivants \u00e0 la communaut\u00e9:<\/p>\n<ul>\n<li style=\"list-style-type: none;\">\n<ul>\n<li>D\u00e9veloppement logiciel<\/li>\n<li>Design, implantation et maintien de bases de donn\u00e9es et interfaces usagers<\/li>\n<li>Analyses statistiques<\/li>\n<li>Automatisation et parall\u00e9lisation d\u2019algorithmes<\/li>\n<\/ul>\n<\/li>\n<\/ul>\n<p>La plateforme de bio-informatique est intimement li\u00e9e \u00e0 celle de g\u00e9nomique et est responsable de l\u2019ensemble des travaux d\u2019analyse de s\u00e9quen\u00e7age nouvelle g\u00e9n\u00e9ration: assemblage sur g\u00e9nome de r\u00e9f\u00e9rence ou de novo de donn\u00e9es de re-s\u00e9quen\u00e7age, de transcriptome ou de capture d\u2019exome,\u00a0 analyses d\u2019expression diff\u00e9rentielle, d\u00e9tection de mutations, etc.\u00a0 Ces services sont offerts par l\u2019entremise du <a href=\"http:\/\/www.genomique.iric.ca\">portail g\u00e9nomique<\/a>, une r\u00e9alisation de la plateforme de bio-informatique.<\/p>\n<div class=\"fusion-clearfix\"><\/div><\/div><\/div><\/div><\/div>\n","protected":false},"excerpt":{"rendered":"","protected":false},"author":3,"featured_media":0,"parent":0,"menu_order":3,"comment_status":"open","ping_status":"closed","template":"","meta":{"jetpack_post_was_ever_published":false,"footnotes":""},"class_list":["post-115","page","type-page","status-publish","hentry"],"jetpack_sharing_enabled":true,"_links":{"self":[{"href":"https:\/\/bioinfo.iric.ca\/fr\/wp-json\/wp\/v2\/pages\/115","targetHints":{"allow":["GET"]}}],"collection":[{"href":"https:\/\/bioinfo.iric.ca\/fr\/wp-json\/wp\/v2\/pages"}],"about":[{"href":"https:\/\/bioinfo.iric.ca\/fr\/wp-json\/wp\/v2\/types\/page"}],"author":[{"embeddable":true,"href":"https:\/\/bioinfo.iric.ca\/fr\/wp-json\/wp\/v2\/users\/3"}],"replies":[{"embeddable":true,"href":"https:\/\/bioinfo.iric.ca\/fr\/wp-json\/wp\/v2\/comments?post=115"}],"version-history":[{"count":11,"href":"https:\/\/bioinfo.iric.ca\/fr\/wp-json\/wp\/v2\/pages\/115\/revisions"}],"predecessor-version":[{"id":100059,"href":"https:\/\/bioinfo.iric.ca\/fr\/wp-json\/wp\/v2\/pages\/115\/revisions\/100059"}],"wp:attachment":[{"href":"https:\/\/bioinfo.iric.ca\/fr\/wp-json\/wp\/v2\/media?parent=115"}],"curies":[{"name":"wp","href":"https:\/\/api.w.org\/{rel}","templated":true}]}}