{"id":225,"date":"2014-03-26T08:05:33","date_gmt":"2014-03-26T12:05:33","guid":{"rendered":"http:\/\/binsrv3.iric.ca\/wpbioinfo\/?page_id=225"},"modified":"2016-11-08T09:30:00","modified_gmt":"2016-11-08T14:30:00","slug":"comptes-usagers","status":"publish","type":"page","link":"https:\/\/bioinfo.iric.ca\/fr\/documentation\/comptes-usagers\/","title":{"rendered":"Comptes usagers"},"content":{"rendered":"<div class=\"fusion-fullwidth fullwidth-box fusion-builder-row-1 hundred-percent-fullwidth non-hundred-percent-height-scrolling\" style=\"--awb-border-radius-top-left:0px;--awb-border-radius-top-right:0px;--awb-border-radius-bottom-right:0px;--awb-border-radius-bottom-left:0px;--awb-overflow:visible;--awb-flex-wrap:wrap;\" ><div class=\"fusion-builder-row fusion-row\"><div class=\"fusion-layout-column fusion_builder_column fusion-builder-column-0 fusion_builder_column_1_1 1_1 fusion-one-full fusion-column-first fusion-column-last fusion-column-no-min-height\" style=\"--awb-bg-size:cover;--awb-margin-bottom:0px;\"><div class=\"fusion-column-wrapper fusion-flex-column-wrapper-legacy\"><div class=\"fusion-title title fusion-title-1 fusion-title-text fusion-title-size-two\"><h2 class=\"fusion-title-heading title-heading-left\" style=\"margin:0;\">Compte SIM<\/h2><span class=\"awb-title-spacer\"><\/span><div class=\"title-sep-container\"><div class=\"title-sep sep-double sep-solid\" style=\"border-color:#e0dede;\"><\/div><\/div><\/div>\nLe compte SIM est fourni \u00e0 tout employ\u00e9 et \u00e9tudiant de l&rsquo;Universit\u00e9 de Montr\u00e9al et permet d&rsquo;acc\u00e9der au domaine du m\u00eame nom.\u00a0 Il est le compte primaire permettant d&rsquo;utiliser la majorit\u00e9 des ressources informatiques de l&rsquo;universit\u00e9 ainsi que celles de l&rsquo;IRIC:<\/p>\n<ul>\n<li>Serveurs de fichiers<\/li>\n<li>Imprimantes<\/li>\n<li>Num\u00e9risation r\u00e9seau<\/li>\n<\/ul>\n<p>Pour plus d&rsquo;information sur le domaine SIM et sur ce compte, vous pouvez consulter le site de la <a href=\"http:\/\/www.dgtic.umontreal.ca\/unip\/mots-passe.html\">DGTIC<\/a>.\u00a0 Vous y trouverez entre autre les documents d&rsquo;utilisation des ressources suivantes:<\/p>\n<ul>\n<li>Courriel institutionnel<\/li>\n<li>Logith\u00e8que<\/li>\n<li>Acc\u00e8s VPN<\/li>\n<li>R\u00e9seau sans-fil<\/li>\n<\/ul>\n<div class=\"fusion-clearfix\"><\/div><\/div><\/div><div class=\"fusion-layout-column fusion_builder_column fusion-builder-column-1 fusion_builder_column_1_1 1_1 fusion-one-full fusion-column-first fusion-column-last fusion-column-no-min-height\" style=\"--awb-bg-size:cover;--awb-margin-bottom:0px;\"><div class=\"fusion-column-wrapper fusion-flex-column-wrapper-legacy\"><div class=\"fusion-title title fusion-title-2 fusion-title-text fusion-title-size-two\"><h2 class=\"fusion-title-heading title-heading-left\" style=\"margin:0;\">Compte Linux<\/h2><span class=\"awb-title-spacer\"><\/span><div class=\"title-sep-container\"><div class=\"title-sep sep-double sep-solid\" style=\"border-color:#e0dede;\"><\/div><\/div><\/div>\nL&rsquo;IRIC poss\u00e8de aussi son propre sous-domaine Linux.\u00a0 Ce compte permet d&rsquo;acc\u00e9der aux ressources de calcul et de d\u00e9veloppement de l&rsquo;institut:<\/p>\n<ul>\n<li>Grappe de calcul<\/li>\n<li>Serveurs de base de donn\u00e9es<\/li>\n<\/ul>\n<p>Vous pouvez en faire la demande en communiquant avec nous \u00e0 l&rsquo;adresse suivante:\u00a0 <a href=\"mailto:support@bioinfo.iric.ca\">support@bioinfo.iric.ca<\/a><div class=\"fusion-clearfix\"><\/div><\/div><\/div><\/div><\/div>\n","protected":false},"excerpt":{"rendered":"","protected":false},"author":2,"featured_media":0,"parent":52,"menu_order":0,"comment_status":"open","ping_status":"open","template":"side-navigation.php","meta":{"jetpack_post_was_ever_published":false,"footnotes":""},"class_list":["post-225","page","type-page","status-publish","hentry"],"jetpack_sharing_enabled":true,"_links":{"self":[{"href":"https:\/\/bioinfo.iric.ca\/fr\/wp-json\/wp\/v2\/pages\/225","targetHints":{"allow":["GET"]}}],"collection":[{"href":"https:\/\/bioinfo.iric.ca\/fr\/wp-json\/wp\/v2\/pages"}],"about":[{"href":"https:\/\/bioinfo.iric.ca\/fr\/wp-json\/wp\/v2\/types\/page"}],"author":[{"embeddable":true,"href":"https:\/\/bioinfo.iric.ca\/fr\/wp-json\/wp\/v2\/users\/2"}],"replies":[{"embeddable":true,"href":"https:\/\/bioinfo.iric.ca\/fr\/wp-json\/wp\/v2\/comments?post=225"}],"version-history":[{"count":6,"href":"https:\/\/bioinfo.iric.ca\/fr\/wp-json\/wp\/v2\/pages\/225\/revisions"}],"predecessor-version":[{"id":2682,"href":"https:\/\/bioinfo.iric.ca\/fr\/wp-json\/wp\/v2\/pages\/225\/revisions\/2682"}],"up":[{"embeddable":true,"href":"https:\/\/bioinfo.iric.ca\/fr\/wp-json\/wp\/v2\/pages\/52"}],"wp:attachment":[{"href":"https:\/\/bioinfo.iric.ca\/fr\/wp-json\/wp\/v2\/media?parent=225"}],"curies":[{"name":"wp","href":"https:\/\/api.w.org\/{rel}","templated":true}]}}