{"id":370,"date":"2014-04-29T15:16:38","date_gmt":"2014-04-29T19:16:38","guid":{"rendered":"http:\/\/www.bioinfo.iric.ca\/?page_id=370"},"modified":"2014-11-21T13:23:05","modified_gmt":"2014-11-21T18:23:05","slug":"evenements","status":"publish","type":"page","link":"https:\/\/bioinfo.iric.ca\/fr\/evenements\/","title":{"rendered":"\u00c9v\u00e9nements"},"content":{"rendered":"<h1>Voici un calendrier des \u00e9v\u00e9nements planifi\u00e9s par la plateforme<\/h1>\n<p>Les dates pour lesquelles un \u00e9v\u00e9nement est planifi\u00e9 sont pr\u00e9sent\u00e9es en <b>caract\u00e8res gras<\/b><br \/>\nLes d\u00e9tails de l&rsquo;\u00e9v\u00e9nement s&rsquo;affichent lorsque l&rsquo;on survole la date avec le curseur.<br \/>\n[gcal id=\u00a0\u00bb950&Prime;]<\/p>\n","protected":false},"excerpt":{"rendered":"<p>Voici un calendrier des \u00e9v\u00e9nements planifi\u00e9s par la plateforme Les dates pour lesquelles un \u00e9v\u00e9nement est planifi\u00e9 sont pr\u00e9sent\u00e9es en caract\u00e8res gras Les d\u00e9tails de l&rsquo;\u00e9v\u00e9nement s&rsquo;affichent lorsque l&rsquo;on survole la date avec le curseur. [gcal id=\u00a0\u00bb950&Prime;]<\/p>\n","protected":false},"author":1,"featured_media":0,"parent":0,"menu_order":2,"comment_status":"open","ping_status":"closed","template":"","meta":{"jetpack_post_was_ever_published":false,"footnotes":""},"class_list":["post-370","page","type-page","status-publish","hentry"],"jetpack_sharing_enabled":true,"_links":{"self":[{"href":"https:\/\/bioinfo.iric.ca\/fr\/wp-json\/wp\/v2\/pages\/370","targetHints":{"allow":["GET"]}}],"collection":[{"href":"https:\/\/bioinfo.iric.ca\/fr\/wp-json\/wp\/v2\/pages"}],"about":[{"href":"https:\/\/bioinfo.iric.ca\/fr\/wp-json\/wp\/v2\/types\/page"}],"author":[{"embeddable":true,"href":"https:\/\/bioinfo.iric.ca\/fr\/wp-json\/wp\/v2\/users\/1"}],"replies":[{"embeddable":true,"href":"https:\/\/bioinfo.iric.ca\/fr\/wp-json\/wp\/v2\/comments?post=370"}],"version-history":[{"count":2,"href":"https:\/\/bioinfo.iric.ca\/fr\/wp-json\/wp\/v2\/pages\/370\/revisions"}],"predecessor-version":[{"id":952,"href":"https:\/\/bioinfo.iric.ca\/fr\/wp-json\/wp\/v2\/pages\/370\/revisions\/952"}],"wp:attachment":[{"href":"https:\/\/bioinfo.iric.ca\/fr\/wp-json\/wp\/v2\/media?parent=370"}],"curies":[{"name":"wp","href":"https:\/\/api.w.org\/{rel}","templated":true}]}}