{"id":4129,"date":"2018-08-21T07:13:37","date_gmt":"2018-08-21T11:13:37","guid":{"rendered":"http:\/\/bioinfo.iric.ca\/?page_id=4129"},"modified":"2022-10-14T12:17:59","modified_gmt":"2022-10-14T12:17:59","slug":"serveur-rstudio","status":"publish","type":"page","link":"https:\/\/bioinfo.iric.ca\/fr\/documentation\/serveur-rstudio\/","title":{"rendered":"Serveur Rstudio"},"content":{"rendered":"<p>La version web de Rstudio est d\u00e9ploy\u00e9e \u00e0 l&rsquo;IRIC et disponible \u00e0 cette adresse:<\/p>\n<p><a href=\"https:\/\/rstudio.bioinfo.iric.ca\">https:\/\/rstudio.bioinfo.iric.ca<\/a><\/p>\n<p>Les analyses r\u00e9alis\u00e9es \u00e0 travers cette interface \u00e0 R seront ex\u00e9cut\u00e9s sur un serveur poss\u00e9dant 40 coeurs et 256GB de m\u00e9moire, ce qui devrait accomoder la plupart des projets de grande taille.\u00a0 Le serveur utilise pr\u00e9sentement la version 4.2.0 de R.<\/p>\n<p>Si vous rencontrez des difficult\u00e9s \u00e0 utiliser ce service ou si vous d\u00e9sirez demander un compte Linux pour y avoir acc\u00e8s, veuillez contacter <a href=\"mailto:bioinformatique@iric.ca\">bioinformatique@iric.ca<\/a>.<\/p>\n","protected":false},"excerpt":{"rendered":"<p>La version web de Rstudio est d\u00e9ploy\u00e9e \u00e0 l&rsquo;IRIC et disponible \u00e0 cette adresse: https:\/\/rstudio.bioinfo.iric.ca Les analyses r\u00e9alis\u00e9es \u00e0 travers cette interface \u00e0 R seront ex\u00e9cut\u00e9s sur un serveur poss\u00e9dant 40 coeurs et 256GB de m\u00e9moire, ce qui devrait accomoder la plupart des projets de grande taille.\u00a0 Le serveur utilise pr\u00e9sentement la version 4.2.0 de R. Si vous rencontrez des difficult\u00e9s \u00e0 utiliser ce service ou si vous d\u00e9sirez demander un compte Linux pour y avoir acc\u00e8s, veuillez contacter bioinformatique@iric.ca.<\/p>\n","protected":false},"author":2,"featured_media":0,"parent":52,"menu_order":0,"comment_status":"closed","ping_status":"closed","template":"side-navigation.php","meta":{"jetpack_post_was_ever_published":false,"footnotes":""},"class_list":["post-4129","page","type-page","status-publish","hentry"],"jetpack_sharing_enabled":true,"_links":{"self":[{"href":"https:\/\/bioinfo.iric.ca\/fr\/wp-json\/wp\/v2\/pages\/4129","targetHints":{"allow":["GET"]}}],"collection":[{"href":"https:\/\/bioinfo.iric.ca\/fr\/wp-json\/wp\/v2\/pages"}],"about":[{"href":"https:\/\/bioinfo.iric.ca\/fr\/wp-json\/wp\/v2\/types\/page"}],"author":[{"embeddable":true,"href":"https:\/\/bioinfo.iric.ca\/fr\/wp-json\/wp\/v2\/users\/2"}],"replies":[{"embeddable":true,"href":"https:\/\/bioinfo.iric.ca\/fr\/wp-json\/wp\/v2\/comments?post=4129"}],"version-history":[{"count":2,"href":"https:\/\/bioinfo.iric.ca\/fr\/wp-json\/wp\/v2\/pages\/4129\/revisions"}],"predecessor-version":[{"id":100120,"href":"https:\/\/bioinfo.iric.ca\/fr\/wp-json\/wp\/v2\/pages\/4129\/revisions\/100120"}],"up":[{"embeddable":true,"href":"https:\/\/bioinfo.iric.ca\/fr\/wp-json\/wp\/v2\/pages\/52"}],"wp:attachment":[{"href":"https:\/\/bioinfo.iric.ca\/fr\/wp-json\/wp\/v2\/media?parent=4129"}],"curies":[{"name":"wp","href":"https:\/\/api.w.org\/{rel}","templated":true}]}}