{"id":46,"date":"2013-11-28T14:46:10","date_gmt":"2013-11-28T19:46:10","guid":{"rendered":"http:\/\/binsrv3.iric.ca\/wpbioinfo\/?page_id=46"},"modified":"2021-03-24T00:26:39","modified_gmt":"2021-03-24T00:26:39","slug":"accueil","status":"publish","type":"page","link":"https:\/\/bioinfo.iric.ca\/fr\/","title":{"rendered":"Accueil"},"content":{"rendered":"<p><div class=\"fusion-fullwidth fullwidth-box fusion-builder-row-1 nonhundred-percent-fullwidth non-hundred-percent-height-scrolling\" style=\"--awb-background-position:left top;--awb-border-sizes-top:0px;--awb-border-sizes-bottom:0px;--awb-border-sizes-left:0px;--awb-border-sizes-right:0px;--awb-border-radius-top-left:0px;--awb-border-radius-top-right:0px;--awb-border-radius-bottom-right:0px;--awb-border-radius-bottom-left:0px;--awb-padding-top:0px;--awb-padding-right:0px;--awb-padding-bottom:0px;--awb-padding-left:0px;--awb-flex-wrap:wrap;\" ><div class=\"fusion-builder-row fusion-row\"><div class=\"fusion-layout-column fusion_builder_column fusion-builder-column-0 fusion_builder_column_1_1 1_1 fusion-one-full fusion-column-first fusion-column-last fusion-column-no-min-height\" style=\"--awb-bg-size:cover;--awb-margin-bottom:0px;\"><div class=\"fusion-column-wrapper fusion-flex-column-wrapper-legacy\"><div class=\"fusion-title title fusion-title-1 fusion-title-text fusion-title-size-two\"><h2 class=\"fusion-title-heading title-heading-left\" style=\"margin:0;\">Articles r\u00e9cents<\/h2><span class=\"awb-title-spacer\"><\/span><div class=\"title-sep-container\"><div class=\"title-sep sep-single sep-solid\" style=\"border-color:#e0dede;\"><\/div><\/div><\/div><div class=\"fusion-recent-posts fusion-recent-posts-1 avada-container layout-default layout-columns-3\"><section class=\"fusion-columns columns fusion-columns-3 columns-3\"><article class=\"post fusion-column column col col-lg-4 col-md-4 col-sm-4 fusion-animated\" data-animationType=\"slideInDown\" data-animationDuration=\"0.1\" data-animationOffset=\"top-into-view\"><div class=\"recent-posts-content\"><span class=\"vcard\" style=\"display: none;\"><span class=\"fn\"><a href=\"https:\/\/bioinfo.iric.ca\/fr\/author\/jpl\/\" title=\"Articles par Jean-Philippe\" rel=\"author\">Jean-Philippe<\/a><\/span><\/span><span class=\"updated\" style=\"display:none;\">2018-08-14T14:29:36+00:00<\/span><h4 class=\"entry-title\"><a href=\"https:\/\/bioinfo.iric.ca\/fr\/documentez-votre-travail-par-lajout-de-parametres-a-vos-scripts-shell\/\">Documentez votre travail par l&rsquo;ajout de param\u00e8tres \u00e0 vos scripts shell<\/a><\/h4><p class=\"meta\"><span class=\"vcard\" style=\"display: none;\"><span class=\"fn\"><a href=\"https:\/\/bioinfo.iric.ca\/fr\/author\/jpl\/\" title=\"Articles par Jean-Philippe\" rel=\"author\">Jean-Philippe<\/a><\/span><\/span><span class=\"updated\" style=\"display:none;\">2018-08-14T14:29:36+00:00<\/span><span>14 ao\u00fbt 2018<\/span><span class=\"fusion-inline-sep\">|<\/span><span class=\"fusion-comments\"><a href=\"https:\/\/bioinfo.iric.ca\/fr\/documentez-votre-travail-par-lajout-de-parametres-a-vos-scripts-shell\/#comments\">1 Comment<\/a><\/span><\/p><p>\u00c0 un certain moment dans votre carri\u00e8re de bioinformaticien, vous aurez \u00e0 \u00e9crire des scripts shell, c'est in\u00e9vitable ! Alors discutons d'une strat\u00e9gie qui vous permettra \u00e0 la fois de rendre vos scripts r\u00e9-utilisables et de garder une<a href=\"https:\/\/bioinfo.iric.ca\/fr\/documentez-votre-travail-par-lajout-de-parametres-a-vos-scripts-shell\/\"> [...]<\/a><\/p><\/div><\/article><article class=\"post fusion-column column col col-lg-4 col-md-4 col-sm-4 fusion-animated\" data-animationType=\"slideInDown\" data-animationDuration=\"0.1\" data-animationOffset=\"top-into-view\"><div class=\"recent-posts-content\"><span class=\"vcard\" style=\"display: none;\"><span class=\"fn\"><a href=\"https:\/\/bioinfo.iric.ca\/fr\/author\/boucherg\/\" title=\"Articles par Genevi\u00e8ve\" rel=\"author\">Genevi\u00e8ve<\/a><\/span><\/span><span class=\"updated\" style=\"display:none;\">2018-07-31T21:49:09+00:00<\/span><h4 class=\"entry-title\"><a href=\"https:\/\/bioinfo.iric.ca\/fr\/un-petit-mot-concernant-la-variabilite-non-desiree\/\">Un mot concernant la variabilit\u00e9 non d\u00e9sir\u00e9e<\/a><\/h4><p class=\"meta\"><span class=\"vcard\" style=\"display: none;\"><span class=\"fn\"><a href=\"https:\/\/bioinfo.iric.ca\/fr\/author\/boucherg\/\" title=\"Articles par Genevi\u00e8ve\" rel=\"author\">Genevi\u00e8ve<\/a><\/span><\/span><span class=\"updated\" style=\"display:none;\">2018-07-31T21:49:09+00:00<\/span><span>24 juillet 2018<\/span><span class=\"fusion-inline-sep\">|<\/span><span class=\"fusion-comments\"><a href=\"https:\/\/bioinfo.iric.ca\/fr\/un-petit-mot-concernant-la-variabilite-non-desiree\/#respond\">0 Comments<\/a><\/span><\/p><p>Toutes les exp\u00e9riences d'expression g\u00e9nique sont influenc\u00e9es par plusieurs variables. Il y a celle qui nous int\u00e9resse (la variable d'int\u00e9r\u00eat) et...les autres.\u00a0 \u00a0Ces autres variables (d'origine technique ou biologique), introduisent de la variabilit\u00e9 dans les donn\u00e9es. Et elle<a href=\"https:\/\/bioinfo.iric.ca\/fr\/un-petit-mot-concernant-la-variabilite-non-desiree\/\"> [...]<\/a><\/p><\/div><\/article><article class=\"post fusion-column column col col-lg-4 col-md-4 col-sm-4 fusion-animated\" data-animationType=\"slideInDown\" data-animationDuration=\"0.1\" data-animationOffset=\"top-into-view\"><div class=\"recent-posts-content\"><span class=\"vcard\" style=\"display: none;\"><span class=\"fn\"><a href=\"https:\/\/bioinfo.iric.ca\/fr\/author\/boucherg\/\" title=\"Articles par Genevi\u00e8ve\" rel=\"author\">Genevi\u00e8ve<\/a><\/span><\/span><span class=\"updated\" style=\"display:none;\">2018-03-29T07:03:44+00:00<\/span><h4 class=\"entry-title\"><a href=\"https:\/\/bioinfo.iric.ca\/fr\/comprendre-comment-kallisto-fonctionne\/\">Comprendre comment fonctionne kallisto<\/a><\/h4><p class=\"meta\"><span class=\"vcard\" style=\"display: none;\"><span class=\"fn\"><a href=\"https:\/\/bioinfo.iric.ca\/fr\/author\/boucherg\/\" title=\"Articles par Genevi\u00e8ve\" rel=\"author\">Genevi\u00e8ve<\/a><\/span><\/span><span class=\"updated\" style=\"display:none;\">2018-03-29T07:03:44+00:00<\/span><span>28 mars 2018<\/span><span class=\"fusion-inline-sep\">|<\/span><span class=\"fusion-comments\"><a href=\"https:\/\/bioinfo.iric.ca\/fr\/comprendre-comment-kallisto-fonctionne\/#respond\">0 Comments<\/a><\/span><\/p><p>En 2016,\u00a0\u00a0Bray et al.\u00a0ont introduit une nouvelle m\u00e9thode bas\u00e9e sur les k-mers pour estimer l'abondance des isoformes dans les donn\u00e9es de RNA-Seq.\u00a0 La m\u00e9thode s'appelle kallisto.\u00a0 Compar\u00e9e aux m\u00e9thodes existantes, pour une pr\u00e9cision de r\u00e9sultat comparable, kallisto est<a href=\"https:\/\/bioinfo.iric.ca\/fr\/comprendre-comment-kallisto-fonctionne\/\"> [...]<\/a><\/p><\/div><\/article><\/section><\/div><div class=\"fusion-clearfix\"><\/div><\/div><\/div><\/div><\/div><div class=\"fusion-fullwidth fullwidth-box fusion-builder-row-2 nonhundred-percent-fullwidth non-hundred-percent-height-scrolling\" style=\"--awb-background-position:left top;--awb-border-sizes-top:0px;--awb-border-sizes-bottom:0px;--awb-border-sizes-left:0px;--awb-border-sizes-right:0px;--awb-border-radius-top-left:0px;--awb-border-radius-top-right:0px;--awb-border-radius-bottom-right:0px;--awb-border-radius-bottom-left:0px;--awb-padding-top:0px;--awb-padding-right:0px;--awb-padding-bottom:0px;--awb-padding-left:0px;--awb-flex-wrap:wrap;\" ><div class=\"fusion-builder-row fusion-row\"><div class=\"fusion-layout-column fusion_builder_column fusion-builder-column-1 fusion_builder_column_1_2 1_2 fusion-one-half fusion-column-first\" style=\"--awb-bg-size:cover;width:48%; margin-right: 4%;\"><div class=\"fusion-column-wrapper fusion-flex-column-wrapper-legacy\"><div class=\"fusion-title title fusion-title-2 fusion-title-text fusion-title-size-two\"><h2 class=\"fusion-title-heading title-heading-left\" style=\"margin:0;\">Aper\u00e7u de nos services<\/h2><span class=\"awb-title-spacer\"><\/span><div class=\"title-sep-container\"><div class=\"title-sep sep-single sep-solid\" style=\"border-color:#e0dede;\"><\/div><\/div><\/div><ul style=\"--awb-size:13px;--awb-line-height:22.1px;--awb-icon-width:22.1px;--awb-icon-height:22.1px;--awb-icon-margin:9.1px;--awb-content-margin:31.2px;--awb-circlecolor:#1a80b6;--awb-circle-yes-font-size:11.44px;\" class=\"fusion-checklist fusion-checklist-1 fusion-checklist-default type-icons\"><li class=\"fusion-li-item\" style=\"\"><span class=\"icon-wrapper circle-yes\"><i class=\"fusion-li-icon fa fa-arrow-right\" aria-hidden=\"true\"><\/i><\/span><div class=\"fusion-li-item-content\">D\u00e9veloppement logiciel<\/div><\/li><li class=\"fusion-li-item\" style=\"\"><span class=\"icon-wrapper circle-yes\"><i class=\"fusion-li-icon fa fa-arrow-right\" aria-hidden=\"true\"><\/i><\/span><div class=\"fusion-li-item-content\">Design, implantation et maintien de bases de donn\u00e9es et interfaces usagers<\/div><\/li><li class=\"fusion-li-item\" style=\"\"><span class=\"icon-wrapper circle-yes\"><i class=\"fusion-li-icon fa fa-arrow-right\" aria-hidden=\"true\"><\/i><\/span><div class=\"fusion-li-item-content\">Analyses statistiques<\/div><\/li><li class=\"fusion-li-item\" style=\"\"><span class=\"icon-wrapper circle-yes\"><i class=\"fusion-li-icon fa fa-arrow-right\" aria-hidden=\"true\"><\/i><\/span><div class=\"fusion-li-item-content\">Automatisation et parall\u00e9lisation d\u2019algorithmes<\/div><\/li><\/ul><div class=\"fusion-clearfix\"><\/div><\/div><\/div><div class=\"fusion-layout-column fusion_builder_column fusion-builder-column-2 fusion_builder_column_1_2 1_2 fusion-one-half fusion-column-last\" style=\"--awb-bg-size:cover;width:48%;\"><div class=\"fusion-column-wrapper fusion-flex-column-wrapper-legacy\"><div class=\"fusion-title title fusion-title-3 fusion-title-text fusion-title-size-two\"><h2 class=\"fusion-title-heading title-heading-left\" style=\"margin:0;\">Nos bureaux<\/h2><span class=\"awb-title-spacer\"><\/span><div class=\"title-sep-container\"><div class=\"title-sep sep-single sep-solid\" style=\"border-color:#e0dede;\"><\/div><\/div><\/div>\t\t\t\t\t<script type=\"text\/javascript\">\n\t\t\t\t\t\tvar map_fusion_map_69e11d2154bba;\n\t\t\t\t\t\tvar markers = [];\n\t\t\t\t\t\tvar counter = 0;\n\t\t\t\t\t\t\t\t\t\t\t\t\t\t\t\t\t\t\t\tvar fusionMapNonce = 'fb19120564';\n\t\t\t\t\t\t\t\t\t\t\t\tfunction fusion_run_map_fusion_map_69e11d2154bba() {\n\t\t\t\t\t\t\tjQuery('#fusion_map_69e11d2154bba').fusion_maps({\n\t\t\t\t\t\t\t\taddresses: [{\"address\":\"Pavillon Marcelle-Coutu, Universit\\u00e9 of Montr\\u00e9al, Montr\\u00e9al, QC H3T 1J4\",\"infobox_content\":\"Pavillon Marcelle-Coutu, Universit\\u00e9 of Montr\\u00e9al, Montr\\u00e9al, QC H3T 1J4\",\"coordinates\":false,\"cache\":true,\"latitude\":\"45.5000022\",\"longitude\":\"-73.61521690000001\"}],\n\t\t\t\t\t\t\t\tanimations: false,\n\t\t\t\t\t\t\t\tinfobox_background_color: '',\n\t\t\t\t\t\t\t\tinfobox_styling: 'custom',\n\t\t\t\t\t\t\t\tinfobox_text_color: '',\n\t\t\t\t\t\t\t\tmap_style: 'default',\n\t\t\t\t\t\t\t\tmap_type: 'roadmap',\n\t\t\t\t\t\t\t\tmarker_icon: '',\n\t\t\t\t\t\t\t\toverlay_color: '',\n\t\t\t\t\t\t\t\toverlay_color_hsl: {\"hue\":0,\"sat\":0,\"lum\":100},\n\t\t\t\t\t\t\t\tshow_address: false,\n\t\t\t\t\t\t\t\tscale_control: false,\n\t\t\t\t\t\t\t\tscrollwheel: true,\n\t\t\t\t\t\t\t\tzoom: 13,\n\t\t\t\t\t\t\t\tzoom_control: false,\n\t\t\t\t\t\t\t});\n\t\t\t\t\t\t}\n\n\t\t\t\t\t\tgoogle.maps.event.addDomListener(window, 'load', fusion_run_map_fusion_map_69e11d2154bba);\n\t\t\t\t\t<\/script>\n\t\t\t\t\t<div class=\"shortcode-map fusion-google-map fusion-maps-js-type\" style=\"--awb-height:200px;\" id=\"fusion_map_69e11d2154bba\"><\/div><div class=\"fusion-clearfix\"><\/div><\/div><\/div><\/div><\/div><\/p>\n","protected":false},"excerpt":{"rendered":"","protected":false},"author":1,"featured_media":0,"parent":0,"menu_order":0,"comment_status":"open","ping_status":"open","template":"","meta":{"jetpack_post_was_ever_published":false,"footnotes":""},"class_list":["post-46","page","type-page","status-publish","hentry"],"jetpack_sharing_enabled":true,"_links":{"self":[{"href":"https:\/\/bioinfo.iric.ca\/fr\/wp-json\/wp\/v2\/pages\/46","targetHints":{"allow":["GET"]}}],"collection":[{"href":"https:\/\/bioinfo.iric.ca\/fr\/wp-json\/wp\/v2\/pages"}],"about":[{"href":"https:\/\/bioinfo.iric.ca\/fr\/wp-json\/wp\/v2\/types\/page"}],"author":[{"embeddable":true,"href":"https:\/\/bioinfo.iric.ca\/fr\/wp-json\/wp\/v2\/users\/1"}],"replies":[{"embeddable":true,"href":"https:\/\/bioinfo.iric.ca\/fr\/wp-json\/wp\/v2\/comments?post=46"}],"version-history":[{"count":32,"href":"https:\/\/bioinfo.iric.ca\/fr\/wp-json\/wp\/v2\/pages\/46\/revisions"}],"predecessor-version":[{"id":100058,"href":"https:\/\/bioinfo.iric.ca\/fr\/wp-json\/wp\/v2\/pages\/46\/revisions\/100058"}],"wp:attachment":[{"href":"https:\/\/bioinfo.iric.ca\/fr\/wp-json\/wp\/v2\/media?parent=46"}],"curies":[{"name":"wp","href":"https:\/\/api.w.org\/{rel}","templated":true}]}}