{"id":52,"date":"2014-03-26T07:32:34","date_gmt":"2014-03-26T11:32:34","guid":{"rendered":"http:\/\/binsrv3.iric.ca\/wpbioinfo\/?page_id=52"},"modified":"2018-01-18T09:21:54","modified_gmt":"2018-01-18T14:21:54","slug":"documentation","status":"publish","type":"page","link":"https:\/\/bioinfo.iric.ca\/fr\/documentation\/","title":{"rendered":"Documentation"},"content":{"rendered":"<div class=\"fusion-fullwidth fullwidth-box fusion-builder-row-1 hundred-percent-fullwidth non-hundred-percent-height-scrolling\" style=\"--awb-border-radius-top-left:0px;--awb-border-radius-top-right:0px;--awb-border-radius-bottom-right:0px;--awb-border-radius-bottom-left:0px;--awb-overflow:visible;--awb-flex-wrap:wrap;\" ><div class=\"fusion-builder-row fusion-row\"><div class=\"fusion-layout-column fusion_builder_column fusion-builder-column-0 fusion_builder_column_1_1 1_1 fusion-one-full fusion-column-first fusion-column-last fusion-column-no-min-height\" style=\"--awb-bg-size:cover;--awb-margin-bottom:0px;\"><div class=\"fusion-column-wrapper fusion-flex-column-wrapper-legacy\"><div class=\"fusion-title title fusion-title-1 fusion-title-text fusion-title-size-two\"><h2 class=\"fusion-title-heading title-heading-left\" style=\"margin:0;\">Infrastructure<\/h2><span class=\"awb-title-spacer\"><\/span><div class=\"title-sep-container\"><div class=\"title-sep sep-double sep-solid\" style=\"border-color:#e0dede;\"><\/div><\/div><\/div>\n<p>La plateforme dispose de plusieurs serveurs de calculs et de base de donn\u00e9es et met \u00e0 disposition ces \u00e9quipements \u00e0 l&rsquo;ensemble de la communaut\u00e9 de l&rsquo;IRIC.<\/p>\n<ul>\n<li><a title=\"Grappe de calcul\" href=\"https:\/\/bioinfo.iric.ca\/fr\/documentation\/grappe-de-calcul\/\">Grappe de calcul<\/a><\/li>\n<\/ul>\n<div class=\"fusion-clearfix\"><\/div><\/div><\/div><div class=\"fusion-layout-column fusion_builder_column fusion-builder-column-1 fusion_builder_column_1_1 1_1 fusion-one-full fusion-column-first fusion-column-last fusion-column-no-min-height\" style=\"--awb-bg-size:cover;--awb-margin-bottom:0px;\"><div class=\"fusion-column-wrapper fusion-flex-column-wrapper-legacy\"><div class=\"fusion-title title fusion-title-2 fusion-title-text fusion-title-size-two\"><h2 class=\"fusion-title-heading title-heading-left\" style=\"margin:0;\">Logiciels disponibles<\/h2><span class=\"awb-title-spacer\"><\/span><div class=\"title-sep-container\"><div class=\"title-sep sep-double sep-solid\" style=\"border-color:#e0dede;\"><\/div><\/div><\/div>\n<p>La liste des logiciels disponibles peut-\u00eatre obtenue \u00e0 l&rsquo;aide de la commande <em>module avail<\/em>.\u00a0 Par la suite, vous pouvez activer un des logiciels \u00e0 l&rsquo;aide de <em>module load<\/em>, ce qui modifiera les variables d&rsquo;environnement de fa\u00e7on \u00e0 ce que le logiciel puisse \u00eatre utilis\u00e9.\u00a0 Par exemple:<\/p>\n<blockquote><p>module load tophat\/2.1.0<\/p><\/blockquote>\n<p>&nbsp;<\/p>\n<p>&nbsp;<div class=\"fusion-clearfix\"><\/div><\/div><\/div><\/div><\/div>\n","protected":false},"excerpt":{"rendered":"","protected":false},"author":2,"featured_media":0,"parent":0,"menu_order":0,"comment_status":"open","ping_status":"open","template":"side-navigation.php","meta":{"jetpack_post_was_ever_published":false,"footnotes":""},"class_list":["post-52","page","type-page","status-publish","hentry"],"jetpack_sharing_enabled":true,"_links":{"self":[{"href":"https:\/\/bioinfo.iric.ca\/fr\/wp-json\/wp\/v2\/pages\/52","targetHints":{"allow":["GET"]}}],"collection":[{"href":"https:\/\/bioinfo.iric.ca\/fr\/wp-json\/wp\/v2\/pages"}],"about":[{"href":"https:\/\/bioinfo.iric.ca\/fr\/wp-json\/wp\/v2\/types\/page"}],"author":[{"embeddable":true,"href":"https:\/\/bioinfo.iric.ca\/fr\/wp-json\/wp\/v2\/users\/2"}],"replies":[{"embeddable":true,"href":"https:\/\/bioinfo.iric.ca\/fr\/wp-json\/wp\/v2\/comments?post=52"}],"version-history":[{"count":11,"href":"https:\/\/bioinfo.iric.ca\/fr\/wp-json\/wp\/v2\/pages\/52\/revisions"}],"predecessor-version":[{"id":3874,"href":"https:\/\/bioinfo.iric.ca\/fr\/wp-json\/wp\/v2\/pages\/52\/revisions\/3874"}],"wp:attachment":[{"href":"https:\/\/bioinfo.iric.ca\/fr\/wp-json\/wp\/v2\/media?parent=52"}],"curies":[{"name":"wp","href":"https:\/\/api.w.org\/{rel}","templated":true}]}}